{"id":192,"date":"2018-08-12T00:44:24","date_gmt":"2018-08-11T22:44:24","guid":{"rendered":"http:\/\/interstacja.pl\/?page_id=192"},"modified":"2026-02-22T17:41:30","modified_gmt":"2026-02-22T16:41:30","slug":"zamow-utwor","status":"publish","type":"page","link":"https:\/\/interstacja.pl\/?page_id=192","title":{"rendered":"Ty wybierasz a my gramy!"},"content":{"rendered":"\n<div class=\"wp-block-columns is-layout-flex wp-container-core-columns-is-layout-9d6595d7 wp-block-columns-is-layout-flex\">\n<div class=\"wp-block-column is-layout-flow wp-block-column-is-layout-flow\" style=\"flex-basis:100%\">\n<div class=\"wp-block-group\"><div class=\"wp-block-group__inner-container is-layout-constrained wp-block-group-is-layout-constrained\">\n<p style=\"text-align: center;\"><strong><font size=\"3\">Masz ochot\u0119 kogo\u015b pozdrowi\u0107 a przy okazji zadedykowa\u0107 piosenk\u0119?<br><br>Nic prostszego! <br><br>Wystarczy, \u017ce wejdziesz na nasz\u0105 stron\u0119 internetow\u0105 i wype\u0142nisz poni\u017cszy formularz.<br><br> Je\u017celi nie masz ochoty pisa\u0107 i wolisz nagra\u0107 g\u0142os\u00f3wk\u0119, koniecznie zadzwo\u0144 pod numer telefonu 67 888 71 76, nagraj si\u0119 na nasz\u0105 automatyczn\u0105 sekretark\u0119 i us\u0142ysz si\u0119 nast\u0119pnie na naszej antenie<br><br> Audycje, w kt\u00f3rych przedstawimy Wasze pozdrowienia oraz gramy Wasze nuty:<br>&#8211; Muzyczny Lunch (pn-pt 10:00-12:00),<br>&#8211; Zawsze w Rytmie (pn-pt 18:00-20:00),<br>&#8211; Hit Party (pn-czw 20:00-22:00),<br>&#8211; Nastroje We Dwoje (pn-czw 22:00-00:00).<\/p><br>\n<center><iframe loading=\"lazy\" src=\"https:\/\/inter.panelradiowy.pl\/embed.php?script=utwor\" scrolling=\"no\" border=\"0\" marginwidth=\"0\" marginheight=\"0\" width=\"300\" height=\"220\" frameborder=\"no\"><\/iframe><iframe loading=\"lazy\" src=\"https:\/\/inter.panelradiowy.pl\/embed.php?script=pozdrowienia\" marginwidth=\"0\" marginheight=\"0\" scrolling=\"no\" width=\"300\" height=\"220\" frameborder=\"no\"><span style=\"display: inline-block; width: 0px; overflow: hidden; line-height: 0;\" data-mce-type=\"bookmark\" class=\"mce_SELRES_start\"><\/span><\/iframe><br><br>\n<script src=\"https:\/\/inter.panelradiowy.pl\/embed.php?script=pozdrowieniasms&#038;type=js\"><\/script><\/center>\n<\/div><\/div>\n<\/div>\n<\/div>\n","protected":false},"excerpt":{"rendered":"<p>Masz ochot\u0119 kogo\u015b pozdrowi\u0107 a przy okazji zadedykowa\u0107 piosenk\u0119? Nic prostszego! Wystarczy, \u017ce wejdziesz na nasz\u0105 stron\u0119 internetow\u0105 i wype\u0142nisz poni\u017cszy formularz. Je\u017celi nie masz ochoty pisa\u0107 i wolisz nagra\u0107 g\u0142os\u00f3wk\u0119, koniecznie zadzwo\u0144 pod numer telefonu 67 888 71 76, nagraj si\u0119 na nasz\u0105 automatyczn\u0105 sekretark\u0119 i us\u0142ysz si\u0119 nast\u0119pnie na naszej antenie Audycje, w [&hellip;]<\/p>\n","protected":false},"author":1,"featured_media":0,"parent":0,"menu_order":0,"comment_status":"closed","ping_status":"closed","template":"","meta":{"footnotes":""},"class_list":["post-192","page","type-page","status-publish","hentry"],"_links":{"self":[{"href":"https:\/\/interstacja.pl\/index.php?rest_route=\/wp\/v2\/pages\/192","targetHints":{"allow":["GET"]}}],"collection":[{"href":"https:\/\/interstacja.pl\/index.php?rest_route=\/wp\/v2\/pages"}],"about":[{"href":"https:\/\/interstacja.pl\/index.php?rest_route=\/wp\/v2\/types\/page"}],"author":[{"embeddable":true,"href":"https:\/\/interstacja.pl\/index.php?rest_route=\/wp\/v2\/users\/1"}],"replies":[{"embeddable":true,"href":"https:\/\/interstacja.pl\/index.php?rest_route=%2Fwp%2Fv2%2Fcomments&post=192"}],"version-history":[{"count":16,"href":"https:\/\/interstacja.pl\/index.php?rest_route=\/wp\/v2\/pages\/192\/revisions"}],"predecessor-version":[{"id":680,"href":"https:\/\/interstacja.pl\/index.php?rest_route=\/wp\/v2\/pages\/192\/revisions\/680"}],"wp:attachment":[{"href":"https:\/\/interstacja.pl\/index.php?rest_route=%2Fwp%2Fv2%2Fmedia&parent=192"}],"curies":[{"name":"wp","href":"https:\/\/api.w.org\/{rel}","templated":true}]}}