{"id":32,"date":"2017-05-07T13:02:52","date_gmt":"2017-05-07T11:02:52","guid":{"rendered":"http:\/\/interstacja.pila.pl\/?page_id=32"},"modified":"2019-12-16T22:43:40","modified_gmt":"2019-12-16T21:43:40","slug":"kontakt","status":"publish","type":"page","link":"https:\/\/interstacja.pl\/?page_id=32","title":{"rendered":"Kontakt"},"content":{"rendered":"<p><strong>FORMULARZ KONTAKTOWY:<\/strong><\/p>\n<p><center><iframe loading=\"lazy\" src=\"https:\/\/interstacja.pl\/poczta\/kontaktowy1.php\" width=\"450\" height=\"220\" frameborder=\"0\"><br \/>\nTwoja przegl\u0105darka nie obs\u0142uguje ramek p\u0142ywaj\u0105cych!<br \/>\n<\/iframe><\/center><\/p>\n<p>Kontakt za po\u015brednictwem poczty elektronicznej: <a href=\"mailto:kontakt@interstacja.pl\"><strong>kontakt@interstacja.pl<\/strong><\/a><\/p>\n<p>Kontakt za po\u015brednictwem telefonu: <strong>67 888 71 76<\/strong><\/p>\n<p>Kontakt za po\u015brednictwem komunikatora Whatsapp: <a href=\"whatsapp:\/\/send?phone=48678887166&amp;text=Witamy!%20Tu%20Radio%20InterStacja.%20W%20czym%20mo%C5%BCemy%20Tobie%20pom%C3%B3c%3F&amp;source=&amp;data=\"><strong>Kliknij tutaj<\/strong><\/a><\/p>\n<p>Kontakt poprzez facebooka: <a href=\"http:\/\/fb.com\/interstacjapl\"><strong>Wejd\u017a na fanpage&#8217;a<\/strong><\/a><\/p>\n<p><b><u>KLAUZULA INFORMACYJNA:<\/u><\/b><\/p>\n<p>Radio InterStacja jako administrator danych, informuje Pana\/Pani\u0105, i\u017c podanie danych jest dobrowolne, lecz niezb\u0119dne w celu prawnie uzasadnionego interesu administratora danych, jakim jest odpowied\u017a na Pa\u0144stwa zapytanie. Dane osobowe b\u0119d\u0105 przechowywane przez okres niezb\u0119dny do prawid\u0142owej realizacji odpowiedzi na zapytanie, a tak\u017ce zgodnie z innymi\/powi\u0105zanymi przepisami prawa. Administrator nie wyznaczy\u0142 Inspektora Ochrony Danych Osobowych. Posiada Pani\/Pan prawo dost\u0119pu do tre\u015bci swoich danych &#8211; ich sprostowania, usuni\u0119cia, ograniczenia przetwarzania, prawo do przenoszenia danych, prawo do cofni\u0119cia zgody w dowolnym momencie bez wp\u0142ywu na zgodno\u015b\u0107 z prawem przetwarzania. Dane mog\u0105 by\u0107 udost\u0119pniane podmiotom upowa\u017cnionym na podstawie odr\u0119bnych przepis\u00f3w prawa. Podane dane b\u0119d\u0105 przetwarzane na zasadzie dobrowolno\u015bci ich podania &#8211; zgodnie z tre\u015bci\u0105 og\u00f3lnego rozporz\u0105dzenia o ochronie danych. Ma Pan\/Pani prawo wniesienia skargi do organu nadzorczego gdy uzna Pani\/Pan, i\u017c przetwarzanie danych osobowych Pani\/Pana dotycz\u0105cych narusza przepisy og\u00f3lnego rozporz\u0105dzenia o ochronie danych osobowych z dnia 27 kwietnia 2016 r.<\/p>\n","protected":false},"excerpt":{"rendered":"<p>FORMULARZ KONTAKTOWY: Twoja przegl\u0105darka nie obs\u0142uguje ramek p\u0142ywaj\u0105cych! Kontakt za po\u015brednictwem poczty elektronicznej: kontakt@interstacja.pl Kontakt za po\u015brednictwem telefonu: 67 888 71 76 Kontakt za po\u015brednictwem komunikatora Whatsapp: Kliknij tutaj Kontakt poprzez facebooka: Wejd\u017a na fanpage&#8217;a KLAUZULA INFORMACYJNA: Radio InterStacja jako administrator danych, informuje Pana\/Pani\u0105, i\u017c podanie danych jest dobrowolne, lecz niezb\u0119dne w celu prawnie uzasadnionego [&hellip;]<\/p>\n","protected":false},"author":1,"featured_media":0,"parent":0,"menu_order":0,"comment_status":"closed","ping_status":"closed","template":"","meta":{"footnotes":""},"class_list":["post-32","page","type-page","status-publish","hentry"],"_links":{"self":[{"href":"https:\/\/interstacja.pl\/index.php?rest_route=\/wp\/v2\/pages\/32","targetHints":{"allow":["GET"]}}],"collection":[{"href":"https:\/\/interstacja.pl\/index.php?rest_route=\/wp\/v2\/pages"}],"about":[{"href":"https:\/\/interstacja.pl\/index.php?rest_route=\/wp\/v2\/types\/page"}],"author":[{"embeddable":true,"href":"https:\/\/interstacja.pl\/index.php?rest_route=\/wp\/v2\/users\/1"}],"replies":[{"embeddable":true,"href":"https:\/\/interstacja.pl\/index.php?rest_route=%2Fwp%2Fv2%2Fcomments&post=32"}],"version-history":[{"count":22,"href":"https:\/\/interstacja.pl\/index.php?rest_route=\/wp\/v2\/pages\/32\/revisions"}],"predecessor-version":[{"id":351,"href":"https:\/\/interstacja.pl\/index.php?rest_route=\/wp\/v2\/pages\/32\/revisions\/351"}],"wp:attachment":[{"href":"https:\/\/interstacja.pl\/index.php?rest_route=%2Fwp%2Fv2%2Fmedia&parent=32"}],"curies":[{"name":"wp","href":"https:\/\/api.w.org\/{rel}","templated":true}]}}