{"id":672,"date":"2026-01-05T10:39:07","date_gmt":"2026-01-05T09:39:07","guid":{"rendered":"https:\/\/interstacja.pl\/?page_id=672"},"modified":"2026-01-05T10:49:13","modified_gmt":"2026-01-05T09:49:13","slug":"staty","status":"publish","type":"page","link":"https:\/\/interstacja.pl\/?page_id=672","title":{"rendered":"Statystyki"},"content":{"rendered":"<h2 style=\"text-align: center;\"><strong>InterStacja &#8211; Kana\u0142 G\u0142\u00f3wny:<\/strong><\/h2>\n<p style=\"text-align: center;\"><a href=\"http:\/\/kanal1.interstacja.pl\/\" target=\"_blank\" rel=\"noopener noreferrer\"><img decoding=\"async\" src=\"https:\/\/interstacja.pl\/nowa\/wp-content\/themes\/interstacja\/images\/playX.png\" alt=\"\"><\/a><\/p>\n<p style=\"text-align: center;\"><iframe src=https:\/\/staty.portalradiowy.pl\/statystyki\/generpanel1\/staty.php?ip=radio.castpol.pl&#038;port=8140&#038;style=19&#038;time=10&#038;listen=0&#038;color=000000\" border=\"0\" marginwidth=\"0\" marginheight=\"0\" frameborder=\"no\" scrolling=\"no\" width=\"100%\" height=\"130\"><\/iframe><\/p>\n<h2 style=\"text-align: center;\"><strong>________________________________<\/strong><\/h2>\n<h2 style=\"text-align: center;\"><strong>InterStacja &#8211; Kana\u0142 Disco Polo:<\/strong><\/h2>\n<p style=\"text-align: center;\"><a href=\"http:\/\/kanal2.interstacja.pl\/\" target=\"_blank\" rel=\"noopener noreferrer\"><img decoding=\"async\" src=\"https:\/\/interstacja.pl\/nowa\/wp-content\/themes\/interstacja\/images\/playX.png\" alt=\"\"><\/a><\/p>\n<p style=\"text-align: center;\"><iframe loading=\"lazy\" src=\"https:\/\/staty.portalradiowy.pl\/statystyki\/generpanel1\/staty.php?ip=radio.castpol.pl&#038;port=8150&#038;style=19&#038;time=10&#038;listen=0&#038;color=000000\" border=\"0\" marginwidth=\"0\" marginheight=\"0\" frameborder=\"no\" scrolling=\"no\" width=\"100%\" height=\"130\"><\/iframe><\/p>\n<h2 style=\"text-align: center;\"><strong>________________________________<\/strong><\/h2>\n<h2 style=\"text-align: center;\"><strong>InterStacja &#8211; Club:<\/strong><\/h2>\n<p style=\"text-align: center;\"><a href=\"http:\/\/kanal3.interstacja.pl\/\" target=\"_blank\" rel=\"noopener noreferrer\"><img decoding=\"async\" src=\"https:\/\/interstacja.pl\/nowa\/wp-content\/themes\/interstacja\/images\/playX.png\" alt=\"\"><\/a><\/p>\n<p style=\"text-align: center;\"><iframe loading=\"lazy\" src=\"https:\/\/staty.portalradiowy.pl\/statystyki\/generpanel1\/staty.php?ip=radio.castpol.pl&#038;port=8160&#038;style=19&#038;time=10&#038;listen=0&#038;color=000000\" border=\"0\" marginwidth=\"0\" marginheight=\"0\" frameborder=\"no\" scrolling=\"no\" width=\"100%\" height=\"130\"><\/iframe><\/p>\n<h2 style=\"text-align: center;\"><strong>________________________________<\/strong><\/h2>\n<h2 style=\"text-align: center;\"><strong>InterStacja &#8211; Oldies:<\/strong><\/h2>\n<p style=\"text-align: center;\"><a href=\"http:\/\/kanal4.interstacja.pl\/\" target=\"_blank\" rel=\"noopener noreferrer\"><img decoding=\"async\" src=\"https:\/\/interstacja.pl\/nowa\/wp-content\/themes\/interstacja\/images\/playX.png\" alt=\"\"><\/a><\/p>\n<p style=\"text-align: center;\"><iframe loading=\"lazy\" src=\"https:\/\/staty.portalradiowy.pl\/statystyki\/generpanel1\/staty.php?ip=radio.castpol.pl&#038;port=8170&#038;style=19&#038;time=10&#038;listen=0&#038;color=000000\" border=\"0\" marginwidth=\"0\" marginheight=\"0\" frameborder=\"no\" scrolling=\"no\" width=\"100%\" height=\"130\"><\/iframe><\/p>\n","protected":false},"excerpt":{"rendered":"<p>InterStacja &#8211; Kana\u0142 G\u0142\u00f3wny:<\/p>\n","protected":false},"author":1,"featured_media":0,"parent":0,"menu_order":0,"comment_status":"closed","ping_status":"closed","template":"","meta":{"footnotes":""},"class_list":["post-672","page","type-page","status-publish","hentry"],"_links":{"self":[{"href":"https:\/\/interstacja.pl\/index.php?rest_route=\/wp\/v2\/pages\/672","targetHints":{"allow":["GET"]}}],"collection":[{"href":"https:\/\/interstacja.pl\/index.php?rest_route=\/wp\/v2\/pages"}],"about":[{"href":"https:\/\/interstacja.pl\/index.php?rest_route=\/wp\/v2\/types\/page"}],"author":[{"embeddable":true,"href":"https:\/\/interstacja.pl\/index.php?rest_route=\/wp\/v2\/users\/1"}],"replies":[{"embeddable":true,"href":"https:\/\/interstacja.pl\/index.php?rest_route=%2Fwp%2Fv2%2Fcomments&post=672"}],"version-history":[{"count":1,"href":"https:\/\/interstacja.pl\/index.php?rest_route=\/wp\/v2\/pages\/672\/revisions"}],"predecessor-version":[{"id":673,"href":"https:\/\/interstacja.pl\/index.php?rest_route=\/wp\/v2\/pages\/672\/revisions\/673"}],"wp:attachment":[{"href":"https:\/\/interstacja.pl\/index.php?rest_route=%2Fwp%2Fv2%2Fmedia&parent=672"}],"curies":[{"name":"wp","href":"https:\/\/api.w.org\/{rel}","templated":true}]}}